{"id":89,"date":"2024-06-28T22:51:07","date_gmt":"2024-06-28T20:51:07","guid":{"rendered":"https:\/\/wozkiczapski.pl\/?page_id=89"},"modified":"2024-10-16T20:02:38","modified_gmt":"2024-10-16T18:02:38","slug":"szkolenia","status":"publish","type":"page","link":"https:\/\/wozkiczapski.pl\/?page_id=89","title":{"rendered":"Szkolenia"},"content":{"rendered":"\n<p><strong>Szkolenia na Operator\u00f3w W\u00f3zk\u00f3w Wid\u0142owych z egzaminem UDT<\/strong><\/p>\n\n\n\n<p>Szukasz profesjonalnego kursu na <strong>operatora w\u00f3zka wid\u0142owego<\/strong> z egzaminem UDT? Oferujemy kompleksowe <strong>szkolenia na w\u00f3zki wid\u0142owe<\/strong> i <strong>w\u00f3zki unosz\u0105ce<\/strong>, kt\u00f3re przygotuj\u0105 Ci\u0119 do zdobycia uprawnie\u0144 oraz pracy w magazynach i centrach logistycznych.<\/p>\n\n\n\n<p><strong>Co oferujemy w naszych szkoleniach na w\u00f3zki wid\u0142owe?<\/strong><\/p>\n\n\n\n<ul class=\"wp-block-list\">\n<li><strong>Szkolenie teoretyczne:<\/strong> Nauka przepis\u00f3w BHP, zasad dzia\u0142ania i budowy w\u00f3zk\u00f3w wid\u0142owych oraz unosz\u0105cych. Omawiamy przepisy prawa i normy, kt\u00f3re musz\u0105 by\u0107 przestrzegane podczas pracy.<\/li>\n\n\n\n<li><strong>Szkolenie praktyczne:<\/strong> \u0106wiczenia na nowoczesnym sprz\u0119cie. Nauka manewrowania, podnoszenia i transportu \u0142adunk\u00f3w z zachowaniem pe\u0142nego bezpiecze\u0144stwa. Instruktorzy z wieloletnim do\u015bwiadczeniem zapewniaj\u0105 indywidualne podej\u015bcie do ka\u017cdego kursanta.<\/li>\n\n\n\n<li><strong>Egzamin UDT:<\/strong> Kurs ko\u0144czy si\u0119 egzaminem przed komisj\u0105 Urz\u0119du Dozoru Technicznego (UDT), po kt\u00f3rym uzyskasz wymagane uprawnienia do obs\u0142ugi w\u00f3zk\u00f3w wid\u0142owych i unosz\u0105cych. Nasze szkolenia s\u0105 w pe\u0142ni zgodne z wymaganiami UDT.<\/li>\n<\/ul>\n\n\n\n<p>Zar\u00f3wno szkolenie jak i egzamin odbywa si\u0119 w siedzibie naszej firmy \u2013 Julian\u00f3w 25A, Rawa Mazowiecka.<\/p>\n\n\n\n<p><strong>Dlaczego warto wybra\u0107 nasze szkolenia na w\u00f3zki wid\u0142owe i unosz\u0105ce?<\/strong><\/p>\n\n\n\n<ul class=\"wp-block-list\">\n<li><strong>Do\u015bwiadczeni instruktorzy:<\/strong> Posiadamy wykwalifikowan\u0105 kadr\u0119, kt\u00f3ra zapewnia wysok\u0105 jako\u015b\u0107 szkolenia.<\/li>\n\n\n\n<li><strong>Nowoczesny sprz\u0119t:<\/strong> Nasze kursy odbywaj\u0105 si\u0119 na aktualnych modelach w\u00f3zk\u00f3w, co pozwala na zdobycie praktycznych umiej\u0119tno\u015bci, kt\u00f3re cenione s\u0105 na rynku pracy.<\/li>\n\n\n\n<li><strong>Uprawnienia UDT:<\/strong> Po uko\u0144czeniu kursu i zdaniu egzaminu UDT, otrzymasz <strong>certyfikat operatora w\u00f3zka wid\u0142owego<\/strong>, kt\u00f3ry jest uznawany w Polsce i Unii Europejskiej.<\/li>\n\n\n\n<li><strong>Elastyczne terminy:<\/strong> Oferujemy dogodne terminy szkole\u0144 oraz mo\u017cliwo\u015b\u0107 zorganizowania kursu w siedzibie klienta.<\/li>\n<\/ul>\n\n\n\n<p><\/p>\n\n\n<div class=\"wp-block-image\">\n<figure class=\"aligncenter size-full\"><img loading=\"lazy\" decoding=\"async\" width=\"900\" height=\"600\" src=\"https:\/\/wozkiczapski.pl\/wp-content\/uploads\/2024\/10\/h50xt-g2-1024x683-1-e1614777600108.jpg\" alt=\"\" class=\"wp-image-116\" srcset=\"https:\/\/wozkiczapski.pl\/wp-content\/uploads\/2024\/10\/h50xt-g2-1024x683-1-e1614777600108.jpg 900w, https:\/\/wozkiczapski.pl\/wp-content\/uploads\/2024\/10\/h50xt-g2-1024x683-1-e1614777600108-300x200.jpg 300w, https:\/\/wozkiczapski.pl\/wp-content\/uploads\/2024\/10\/h50xt-g2-1024x683-1-e1614777600108-768x512.jpg 768w, https:\/\/wozkiczapski.pl\/wp-content\/uploads\/2024\/10\/h50xt-g2-1024x683-1-e1614777600108-600x400.jpg 600w\" sizes=\"auto, (max-width: 900px) 100vw, 900px\" \/><\/figure>\n<\/div>\n\n\n<hr class=\"wp-block-separator has-alpha-channel-opacity\"\/>\n\n\n\n<p><strong>Szkolenia na w\u00f3zki unosz\u0105ce<\/strong><\/p>\n\n\n\n<p>Dodatkowo, oferujemy specjalistyczne <strong>kursy na w\u00f3zki unosz\u0105ce<\/strong>, kt\u00f3re s\u0105 niezb\u0119dnym narz\u0119dziem w codziennej pracy magazyn\u00f3w, centr\u00f3w logistycznych i sklep\u00f3w wielkopowierzchniowych. Nauczymy Ci\u0119 bezpiecznej obs\u0142ugi tych urz\u0105dze\u0144, zwi\u0119kszaj\u0105c Twoje szanse na rynku pracy.<\/p>\n\n\n<div class=\"wp-block-image\">\n<figure class=\"aligncenter size-large\"><img loading=\"lazy\" decoding=\"async\" width=\"1024\" height=\"512\" src=\"https:\/\/wozkiczapski.pl\/wp-content\/uploads\/2024\/10\/aitt312sfd-1280x640-1-1024x512.jpg\" alt=\"\" class=\"wp-image-118\" srcset=\"https:\/\/wozkiczapski.pl\/wp-content\/uploads\/2024\/10\/aitt312sfd-1280x640-1-1024x512.jpg 1024w, https:\/\/wozkiczapski.pl\/wp-content\/uploads\/2024\/10\/aitt312sfd-1280x640-1-300x150.jpg 300w, https:\/\/wozkiczapski.pl\/wp-content\/uploads\/2024\/10\/aitt312sfd-1280x640-1-768x384.jpg 768w, https:\/\/wozkiczapski.pl\/wp-content\/uploads\/2024\/10\/aitt312sfd-1280x640-1-600x300.jpg 600w, https:\/\/wozkiczapski.pl\/wp-content\/uploads\/2024\/10\/aitt312sfd-1280x640-1.jpg 1280w\" sizes=\"auto, (max-width: 1024px) 100vw, 1024px\" \/><\/figure>\n<\/div>\n\n\n<hr class=\"wp-block-separator has-alpha-channel-opacity\"\/>\n\n\n\n<p><strong>Zapisz si\u0119 na szkolenie na w\u00f3zki wid\u0142owe z egzaminem UDT lub w\u00f3zki unosz\u0105ce ju\u017c dzi\u015b!<\/strong> Zainwestuj w swoje umiej\u0119tno\u015bci i zdobywaj certyfikaty potrzebne do pracy na stanowisku operatora. Skontaktuj si\u0119 z nami, aby pozna\u0107 szczeg\u00f3\u0142y i zarezerwowa\u0107 miejsce na najbli\u017cszy kurs.<\/p>\n\n\n\n<p><\/p>\n","protected":false},"excerpt":{"rendered":"<p>Szkolenia na Operator\u00f3w W\u00f3zk\u00f3w Wid\u0142owych z egzaminem UDT Szukasz profesjonalnego kursu na operatora w\u00f3zka wid\u0142owego z egzaminem UDT? Oferujemy kompleksowe szkolenia na w\u00f3zki wid\u0142owe i w\u00f3zki unosz\u0105ce, kt\u00f3re przygotuj\u0105 Ci\u0119 do zdobycia uprawnie\u0144 oraz pracy w magazynach i centrach logistycznych. Co oferujemy w naszych szkoleniach na w\u00f3zki wid\u0142owe? Zar\u00f3wno szkolenie jak i egzamin odbywa si\u0119&hellip;&nbsp;<a href=\"https:\/\/wozkiczapski.pl\/?page_id=89\" rel=\"bookmark\">Dowiedz si\u0119 wi\u0119cej &raquo;<span class=\"screen-reader-text\">Szkolenia<\/span><\/a><\/p>\n","protected":false},"author":1,"featured_media":0,"parent":0,"menu_order":0,"comment_status":"closed","ping_status":"closed","template":"","meta":{"neve_meta_sidebar":"","neve_meta_container":"","neve_meta_enable_content_width":"","neve_meta_content_width":0,"neve_meta_title_alignment":"","neve_meta_author_avatar":"","neve_post_elements_order":"","neve_meta_disable_header":"","neve_meta_disable_footer":"","neve_meta_disable_title":"","_ti_tpc_template_sync":false,"_ti_tpc_template_id":"","footnotes":""},"class_list":["post-89","page","type-page","status-publish","hentry"],"jetpack_sharing_enabled":true,"_links":{"self":[{"href":"https:\/\/wozkiczapski.pl\/index.php?rest_route=\/wp\/v2\/pages\/89","targetHints":{"allow":["GET"]}}],"collection":[{"href":"https:\/\/wozkiczapski.pl\/index.php?rest_route=\/wp\/v2\/pages"}],"about":[{"href":"https:\/\/wozkiczapski.pl\/index.php?rest_route=\/wp\/v2\/types\/page"}],"author":[{"embeddable":true,"href":"https:\/\/wozkiczapski.pl\/index.php?rest_route=\/wp\/v2\/users\/1"}],"replies":[{"embeddable":true,"href":"https:\/\/wozkiczapski.pl\/index.php?rest_route=%2Fwp%2Fv2%2Fcomments&post=89"}],"version-history":[{"count":6,"href":"https:\/\/wozkiczapski.pl\/index.php?rest_route=\/wp\/v2\/pages\/89\/revisions"}],"predecessor-version":[{"id":123,"href":"https:\/\/wozkiczapski.pl\/index.php?rest_route=\/wp\/v2\/pages\/89\/revisions\/123"}],"wp:attachment":[{"href":"https:\/\/wozkiczapski.pl\/index.php?rest_route=%2Fwp%2Fv2%2Fmedia&parent=89"}],"curies":[{"name":"wp","href":"https:\/\/api.w.org\/{rel}","templated":true}]}}